{"id":1162,"date":"2019-03-04T16:15:19","date_gmt":"2019-03-04T15:15:19","guid":{"rendered":"https:\/\/www.multielement.com\/history\/"},"modified":"2024-04-25T23:00:17","modified_gmt":"2024-04-25T21:00:17","slug":"historia","status":"publish","type":"page","link":"https:\/\/www.multielement.com\/es\/historia\/","title":{"rendered":"Historia"},"content":{"rendered":"<div class=\"wpb-content-wrapper\"><p>[vc_row css_animation=&#8221;&#8221; row_type=&#8221;row&#8221; use_row_as_full_screen_section=&#8221;no&#8221; type=&#8221;full_width&#8221; angled_section=&#8221;no&#8221; text_align=&#8221;left&#8221; background_image_as_pattern=&#8221;without_pattern&#8221;][vc_column width=&#8221;2\/3&#8243;][vc_empty_space][vc_column_text]<\/p>\n<h2>La historia sobre una empresa y un producto con el mismo nombre &#8220;MULTI ELEMENT&#8221;<\/h2>\n<p><strong>La idea del producto MULTI ELEMENT naci\u00f3 en 1963. <\/strong><\/p>\n<p style=\"text-align: justify;\">Era un momento en que los mercados de la construcci\u00f3n estaban haciendo cambios serios con importantes innovaciones en todos los aspectos de los nuevos componentes de construcci\u00f3n. Las demandas de formas econ\u00f3micas para mejorar la velocidad y eficiencia de la construcci\u00f3n se aceleraron. Con el claro objetivo de mantenerse al d\u00eda con otros avances importantes en un mundo cada vez m\u00e1s reducido. De ese esp\u00edritu naci\u00f3 MULTI ELEMENT.<\/p>\n<p style=\"text-align: justify;\">La idea era producir materiales de construcci\u00f3n aislados en un proceso continuo rentable. La estructura de los elementos era y es \u00fanica: una construcci\u00f3n tipo s\u00e1ndwich con un n\u00facleo de espuma de poliuretano aislante laminada con placas de yeso en ambos lados. Basado en la misma construcci\u00f3n base \u00fanica, se desarroll\u00f3 una serie de elementos de techo y pared en los que la madera de construcci\u00f3n se funde en el elemento para obtener una mayor resistencia estructural y posiblemente la fijaci\u00f3n del revestimiento, etc.<\/p>\n<p><strong>Desde 1963, el producto MULTI ELEMENT fue producido bajo la empresa matriz NORGIPS AS. En 1971, la empresa MULTI ELEMENT AS fue establecida como una empresa separada por el propietario de Norgips, Walter Nilsen, y fue mudada a un nuevo edificio industrial en Svelvik, en Noruega.<br \/>\n<\/strong><\/p>\n<p style=\"text-align: justify;\">Multi Element ha suministrado m\u00e1s de 20 Millones m2 (214 Millones de pies cuadrados) de elementos de construcci\u00f3n para construir m\u00e1s de 20,000 edificios de todo tipo y tama\u00f1o. Ayudando a que se construya con la m\u00e1s alta calidad, eficiencia ecol\u00f3gica, velocidad de construcci\u00f3n y ahorro econ\u00f3mico.<\/p>\n<p>[\/vc_column_text][vc_empty_space][\/vc_column][vc_column width=&#8221;1\/3&#8243;][vc_empty_space][vc_single_image image=&#8221;1180&#8243; img_size=&#8221;full&#8221; qode_css_animation=&#8221;&#8221;][vc_empty_space][\/vc_column][\/vc_row][vc_row css_animation=&#8221;&#8221; row_type=&#8221;row&#8221; use_row_as_full_screen_section=&#8221;no&#8221; type=&#8221;full_width&#8221; angled_section=&#8221;no&#8221; text_align=&#8221;left&#8221; background_image_as_pattern=&#8221;without_pattern&#8221;][vc_column width=&#8221;1\/4&#8243;][vc_empty_space][vc_single_image image=&#8221;1181&#8243; img_size=&#8221;full&#8221; qode_css_animation=&#8221;&#8221;][vc_empty_space][\/vc_column][vc_column width=&#8221;3\/4&#8243;][vc_empty_space][vc_column_text]<\/p>\n<p style=\"text-align: justify;\"><strong>MULTI ELEMENT es un producto para casi todo tipo de edificios.<\/strong><\/p>\n<p style=\"text-align: justify;\">Los empresarios, arquitectos y empresas constructoras eligen MULTI ELEMENTO por muchas razones. Las tres razones principales por las que se destacan por qu\u00e9 eligieron MULTI ELEMENTO son: es m\u00e1s f\u00e1cil de construir, es un m\u00e9todo de construcci\u00f3n m\u00e1s rentable y excede las demandas ecol\u00f3gicas de la construcci\u00f3n. En total, hemos entregado m\u00e1s de 20 millones m2 (214 millones pies de cuadrados) de elementos de pared, piso y techo para todo tipo de edificios a numerosos pa\u00edses. Adem\u00e1s, al utilizar productos MULTI ELEMENTO, proporciona una gran libertad arquitect\u00f3nica al tiempo que aumenta la calidad del edificio terminado.<\/p>\n<p><strong>MULTI ELEMENT es un producto global<\/strong><br \/>\n\u2022 1963: Multi Element comenz\u00f3 la producci\u00f3n, y la tecnolog\u00eda comenz\u00f3 a usarse en Noruega en la prefabricaci\u00f3n de elementos de construcci\u00f3n.<br \/>\n\u2022 2006: La compa\u00f1\u00eda Multi Element AS fue adquirida por el Dr. Kent Dyreng<br \/>\n\u2022 2013: El Dr. Kent Dyreng incorpor\u00f3 Multi Element Gran Canary SL en Las Palmas, Gran Canaria<br \/>\n\u2022 2018: El Dr. Kent Dyreng incorpor\u00f3 Multi Element International, Inc. en Atlanta, Georgia, EE. UU.<br \/>\n\u2022 2024: Finalizaci\u00f3n de 18 a\u00f1os de trabajo de investigaci\u00f3n y desarrollo..<\/p>\n<p style=\"text-align: justify;\"><strong>Investigaci\u00f3n y desarrollo<\/strong><\/p>\n<p style=\"text-align: justify;\">El Dr. Kent Dyreng y su equipo de investigaci\u00f3n han invertido 18 a\u00f1os de investigaci\u00f3n y desarrollo dedicados en ciencia de materiales, tecnolog\u00eda de construcci\u00f3n, procesamiento y automatizaci\u00f3n de m\u00e1quinas, sistemas de control por computadora, operaciones log\u00edsticas complejas, sistemas de ensamblaje r\u00e1pido de edificios y mucho m\u00e1s, asegurando una gama de nuevos soluciones industriales para industrias de elementos m\u00faltiples.<\/p>\n<p style=\"text-align: justify;\"><strong>Propiedad intelectual (PI)<\/strong><\/p>\n<p style=\"text-align: justify;\">Nuestra IP \u00fanica proporciona una ventaja de mercado \u00fanica.<\/p>\n<p>Nuestra PI incluye la L\u00ednea Continua De Alta Velocidad, L\u00edneas de M\u00e1quinas de Pre-corte, Sistema de Carga Autom\u00e1tica y L\u00edneas de M\u00e1quinas de Reciclaje y Tecnolog\u00eda de Construcci\u00f3n de Elementos M\u00faltiples, as\u00ed como toda la tecnolog\u00eda relacionada y un mayor conocimiento materiales y construcci\u00f3n.[\/vc_column_text][vc_empty_space][\/vc_column][\/vc_row][vc_row css_animation=&#8221;&#8221; row_type=&#8221;row&#8221; use_row_as_full_screen_section=&#8221;no&#8221; type=&#8221;full_width&#8221; angled_section=&#8221;no&#8221; text_align=&#8221;left&#8221; background_image_as_pattern=&#8221;without_pattern&#8221;][vc_column width=&#8221;1\/4&#8243;][vc_single_image image=&#8221;1182&#8243; img_size=&#8221;full&#8221; qode_css_animation=&#8221;&#8221;][vc_empty_space][\/vc_column][vc_column width=&#8221;1\/4&#8243;][vc_single_image image=&#8221;1183&#8243; img_size=&#8221;full&#8221; qode_css_animation=&#8221;&#8221;][vc_empty_space height=&#8221;15px&#8221;][\/vc_column][vc_column width=&#8221;1\/4&#8243;][vc_single_image image=&#8221;1184&#8243; img_size=&#8221;full&#8221; qode_css_animation=&#8221;&#8221;][vc_empty_space height=&#8221;15px&#8221;][\/vc_column][vc_column width=&#8221;1\/4&#8243;][vc_single_image image=&#8221;1185&#8243; img_size=&#8221;full&#8221; qode_css_animation=&#8221;&#8221;][vc_empty_space height=&#8221;15px&#8221;][\/vc_column][\/vc_row]<\/p>\n<\/div>","protected":false},"excerpt":{"rendered":"<p>[vc_row css_animation=&#8221;&#8221; row_type=&#8221;row&#8221; use_row_as_full_screen_section=&#8221;no&#8221; type=&#8221;full_width&#8221; angled_section=&#8221;no&#8221; text_align=&#8221;left&#8221; background_image_as_pattern=&#8221;without_pattern&#8221;][vc_column width=&#8221;2\/3&#8243;][vc_empty_space][vc_column_text] La historia sobre una empresa y un producto con el mismo nombre &#8220;MULTI ELEMENT&#8221; La idea del producto MULTI ELEMENT naci\u00f3 en 1963. Era un momento en que los mercados de la construcci\u00f3n estaban haciendo cambios&#8230;<\/p>\n","protected":false},"author":1,"featured_media":0,"parent":0,"menu_order":20,"comment_status":"closed","ping_status":"closed","template":"","meta":{"footnotes":""},"class_list":["post-1162","page","type-page","status-publish","hentry"],"yoast_head":"<!-- This site is optimized with the Yoast SEO plugin v27.5 - https:\/\/yoast.com\/product\/yoast-seo-wordpress\/ -->\n<title>Historia - Multi Element Industries<\/title>\n<meta name=\"robots\" content=\"index, follow, max-snippet:-1, max-image-preview:large, max-video-preview:-1\" \/>\n<link rel=\"canonical\" href=\"https:\/\/www.multielement.com\/es\/historia\/\" \/>\n<meta property=\"og:locale\" content=\"es_ES\" \/>\n<meta property=\"og:type\" content=\"article\" \/>\n<meta property=\"og:title\" content=\"Historia - Multi Element Industries\" \/>\n<meta property=\"og:description\" content=\"[vc_row css_animation=&#8221;&#8221; row_type=&#8221;row&#8221; use_row_as_full_screen_section=&#8221;no&#8221; type=&#8221;full_width&#8221; angled_section=&#8221;no&#8221; text_align=&#8221;left&#8221; background_image_as_pattern=&#8221;without_pattern&#8221;][vc_column width=&#8221;2\/3&#8243;][vc_empty_space][vc_column_text] La historia sobre una empresa y un producto con el mismo nombre &#8220;MULTI ELEMENT&#8221; La idea del producto MULTI ELEMENT naci\u00f3 en 1963. Era un momento en que los mercados de la construcci\u00f3n estaban haciendo cambios...\" \/>\n<meta property=\"og:url\" content=\"https:\/\/www.multielement.com\/es\/historia\/\" \/>\n<meta property=\"og:site_name\" content=\"Multi Element Industries\" \/>\n<meta property=\"article:publisher\" content=\"https:\/\/www.facebook.com\/multielementindustrie\/\" \/>\n<meta property=\"article:modified_time\" content=\"2024-04-25T21:00:17+00:00\" \/>\n<meta name=\"twitter:card\" content=\"summary_large_image\" \/>\n<meta name=\"twitter:site\" content=\"@multi_element\" \/>\n<meta name=\"twitter:label1\" content=\"Tiempo de lectura\" \/>\n\t<meta name=\"twitter:data1\" content=\"3 minutos\" \/>\n<script type=\"application\/ld+json\" class=\"yoast-schema-graph\">{\"@context\":\"https:\\\/\\\/schema.org\",\"@graph\":[{\"@type\":\"WebPage\",\"@id\":\"https:\\\/\\\/www.multielement.com\\\/es\\\/historia\\\/\",\"url\":\"https:\\\/\\\/www.multielement.com\\\/es\\\/historia\\\/\",\"name\":\"Historia - Multi Element Industries\",\"isPartOf\":{\"@id\":\"https:\\\/\\\/www.multielement.com\\\/#website\"},\"datePublished\":\"2019-03-04T15:15:19+00:00\",\"dateModified\":\"2024-04-25T21:00:17+00:00\",\"breadcrumb\":{\"@id\":\"https:\\\/\\\/www.multielement.com\\\/es\\\/historia\\\/#breadcrumb\"},\"inLanguage\":\"es\",\"potentialAction\":[{\"@type\":\"ReadAction\",\"target\":[\"https:\\\/\\\/www.multielement.com\\\/es\\\/historia\\\/\"]}]},{\"@type\":\"BreadcrumbList\",\"@id\":\"https:\\\/\\\/www.multielement.com\\\/es\\\/historia\\\/#breadcrumb\",\"itemListElement\":[{\"@type\":\"ListItem\",\"position\":1,\"name\":\"Home\",\"item\":\"https:\\\/\\\/www.multielement.com\\\/es\\\/\"},{\"@type\":\"ListItem\",\"position\":2,\"name\":\"Historia\"}]},{\"@type\":\"WebSite\",\"@id\":\"https:\\\/\\\/www.multielement.com\\\/#website\",\"url\":\"https:\\\/\\\/www.multielement.com\\\/\",\"name\":\"Multi Element Industries\",\"description\":\"Future Homes: Prefab houses\",\"publisher\":{\"@id\":\"https:\\\/\\\/www.multielement.com\\\/#organization\"},\"potentialAction\":[{\"@type\":\"SearchAction\",\"target\":{\"@type\":\"EntryPoint\",\"urlTemplate\":\"https:\\\/\\\/www.multielement.com\\\/?s={search_term_string}\"},\"query-input\":{\"@type\":\"PropertyValueSpecification\",\"valueRequired\":true,\"valueName\":\"search_term_string\"}}],\"inLanguage\":\"es\"},{\"@type\":\"Organization\",\"@id\":\"https:\\\/\\\/www.multielement.com\\\/#organization\",\"name\":\"Multi Element Industrie\",\"url\":\"https:\\\/\\\/www.multielement.com\\\/\",\"logo\":{\"@type\":\"ImageObject\",\"inLanguage\":\"es\",\"@id\":\"https:\\\/\\\/www.multielement.com\\\/#\\\/schema\\\/logo\\\/image\\\/\",\"url\":\"https:\\\/\\\/www.multielement.com\\\/wp-content\\\/uploads\\\/2019\\\/03\\\/weblogo-MEI.png\",\"contentUrl\":\"https:\\\/\\\/www.multielement.com\\\/wp-content\\\/uploads\\\/2019\\\/03\\\/weblogo-MEI.png\",\"width\":230,\"height\":49,\"caption\":\"Multi Element Industrie\"},\"image\":{\"@id\":\"https:\\\/\\\/www.multielement.com\\\/#\\\/schema\\\/logo\\\/image\\\/\"},\"sameAs\":[\"https:\\\/\\\/www.facebook.com\\\/multielementindustrie\\\/\",\"https:\\\/\\\/x.com\\\/multi_element\",\"https:\\\/\\\/www.youtube.com\\\/channel\\\/UCz51iVf8CEq0Niumm-7bDOg?view_as=subscriber\"]}]}<\/script>\n<!-- \/ Yoast SEO plugin. -->","yoast_head_json":{"title":"Historia - Multi Element Industries","robots":{"index":"index","follow":"follow","max-snippet":"max-snippet:-1","max-image-preview":"max-image-preview:large","max-video-preview":"max-video-preview:-1"},"canonical":"https:\/\/www.multielement.com\/es\/historia\/","og_locale":"es_ES","og_type":"article","og_title":"Historia - Multi Element Industries","og_description":"[vc_row css_animation=&#8221;&#8221; row_type=&#8221;row&#8221; use_row_as_full_screen_section=&#8221;no&#8221; type=&#8221;full_width&#8221; angled_section=&#8221;no&#8221; text_align=&#8221;left&#8221; background_image_as_pattern=&#8221;without_pattern&#8221;][vc_column width=&#8221;2\/3&#8243;][vc_empty_space][vc_column_text] La historia sobre una empresa y un producto con el mismo nombre &#8220;MULTI ELEMENT&#8221; La idea del producto MULTI ELEMENT naci\u00f3 en 1963. Era un momento en que los mercados de la construcci\u00f3n estaban haciendo cambios...","og_url":"https:\/\/www.multielement.com\/es\/historia\/","og_site_name":"Multi Element Industries","article_publisher":"https:\/\/www.facebook.com\/multielementindustrie\/","article_modified_time":"2024-04-25T21:00:17+00:00","twitter_card":"summary_large_image","twitter_site":"@multi_element","twitter_misc":{"Tiempo de lectura":"3 minutos"},"schema":{"@context":"https:\/\/schema.org","@graph":[{"@type":"WebPage","@id":"https:\/\/www.multielement.com\/es\/historia\/","url":"https:\/\/www.multielement.com\/es\/historia\/","name":"Historia - Multi Element Industries","isPartOf":{"@id":"https:\/\/www.multielement.com\/#website"},"datePublished":"2019-03-04T15:15:19+00:00","dateModified":"2024-04-25T21:00:17+00:00","breadcrumb":{"@id":"https:\/\/www.multielement.com\/es\/historia\/#breadcrumb"},"inLanguage":"es","potentialAction":[{"@type":"ReadAction","target":["https:\/\/www.multielement.com\/es\/historia\/"]}]},{"@type":"BreadcrumbList","@id":"https:\/\/www.multielement.com\/es\/historia\/#breadcrumb","itemListElement":[{"@type":"ListItem","position":1,"name":"Home","item":"https:\/\/www.multielement.com\/es\/"},{"@type":"ListItem","position":2,"name":"Historia"}]},{"@type":"WebSite","@id":"https:\/\/www.multielement.com\/#website","url":"https:\/\/www.multielement.com\/","name":"Multi Element Industries","description":"Future Homes: Prefab houses","publisher":{"@id":"https:\/\/www.multielement.com\/#organization"},"potentialAction":[{"@type":"SearchAction","target":{"@type":"EntryPoint","urlTemplate":"https:\/\/www.multielement.com\/?s={search_term_string}"},"query-input":{"@type":"PropertyValueSpecification","valueRequired":true,"valueName":"search_term_string"}}],"inLanguage":"es"},{"@type":"Organization","@id":"https:\/\/www.multielement.com\/#organization","name":"Multi Element Industrie","url":"https:\/\/www.multielement.com\/","logo":{"@type":"ImageObject","inLanguage":"es","@id":"https:\/\/www.multielement.com\/#\/schema\/logo\/image\/","url":"https:\/\/www.multielement.com\/wp-content\/uploads\/2019\/03\/weblogo-MEI.png","contentUrl":"https:\/\/www.multielement.com\/wp-content\/uploads\/2019\/03\/weblogo-MEI.png","width":230,"height":49,"caption":"Multi Element Industrie"},"image":{"@id":"https:\/\/www.multielement.com\/#\/schema\/logo\/image\/"},"sameAs":["https:\/\/www.facebook.com\/multielementindustrie\/","https:\/\/x.com\/multi_element","https:\/\/www.youtube.com\/channel\/UCz51iVf8CEq0Niumm-7bDOg?view_as=subscriber"]}]}},"_links":{"self":[{"href":"https:\/\/www.multielement.com\/es\/wp-json\/wp\/v2\/pages\/1162","targetHints":{"allow":["GET"]}}],"collection":[{"href":"https:\/\/www.multielement.com\/es\/wp-json\/wp\/v2\/pages"}],"about":[{"href":"https:\/\/www.multielement.com\/es\/wp-json\/wp\/v2\/types\/page"}],"author":[{"embeddable":true,"href":"https:\/\/www.multielement.com\/es\/wp-json\/wp\/v2\/users\/1"}],"replies":[{"embeddable":true,"href":"https:\/\/www.multielement.com\/es\/wp-json\/wp\/v2\/comments?post=1162"}],"version-history":[{"count":8,"href":"https:\/\/www.multielement.com\/es\/wp-json\/wp\/v2\/pages\/1162\/revisions"}],"predecessor-version":[{"id":1796,"href":"https:\/\/www.multielement.com\/es\/wp-json\/wp\/v2\/pages\/1162\/revisions\/1796"}],"wp:attachment":[{"href":"https:\/\/www.multielement.com\/es\/wp-json\/wp\/v2\/media?parent=1162"}],"curies":[{"name":"wp","href":"https:\/\/api.w.org\/{rel}","templated":true}]}}