{"id":1072,"date":"2019-03-22T15:57:36","date_gmt":"2019-03-22T14:57:36","guid":{"rendered":"https:\/\/www.multielement.com\/high-speed-production\/"},"modified":"2019-11-26T11:20:31","modified_gmt":"2019-11-26T10:20:31","slug":"produccion-de-alta-velocidad","status":"publish","type":"page","link":"https:\/\/www.multielement.com\/es\/produccion-de-alta-velocidad\/","title":{"rendered":"Producci\u00f3n de alta velocidad"},"content":{"rendered":"<div class=\"wpb-content-wrapper\"><p>[vc_row css_animation=&#8221;&#8221; row_type=&#8221;row&#8221; use_row_as_full_screen_section=&#8221;no&#8221; type=&#8221;full_width&#8221; angled_section=&#8221;no&#8221; text_align=&#8221;left&#8221; background_image_as_pattern=&#8221;without_pattern&#8221;][vc_column width=&#8221;1\/2&#8243;][vc_column_text]<\/p>\n<h2>MULTI ELEMENT tiene<br \/>\nuna tecnolog\u00eda revolucionaria<\/h2>\n<p>[\/vc_column_text][vc_separator type=&#8221;transparent&#8221; up=&#8221;10&#8243; down=&#8221;10&#8243;][vc_column_text]<\/p>\n<h3><i class=\"fa fa-check-square\"><\/i> L\u00ednea de producci\u00f3n continua totalmente automatizada y de alta velocidad<\/h3>\n<p style=\"text-align: justify;\">El trabajo manual es lento y se caracteriza por mucha ineficiencia en la construcci\u00f3n. Multi Element Industries ofrece el primer sistema de producci\u00f3n totalmente automatizado del mundo para casas y edificios. No hay nada igual en la actualidad. De hecho, creemos que Multi Element revolucionar\u00e1 la industria de la construcci\u00f3n. Se gana en la utilizaci\u00f3n extremadamente eficiente y \u00f3ptima de recursos y maquinaria.<\/p>\n<h3><i class=\"fa fa-check-square\"><\/i> L\u00edneas precortadas totalmente autom\u00e1ticas<\/h3>\n<p style=\"text-align: justify;\">MULTI ELEMENT es un elemento que se ha precortado para construir kits de tama\u00f1o correcto y con espacio para que las ventanas y puertas se ajusten exactamente a las especificaciones del arquitecto. Las l\u00edneas precortadas son una l\u00ednea de producci\u00f3n separada. Las herramientas de alta precisi\u00f3n totalmente automatizada son de vital importancia para nuestro concepto de que cada pieza debe encajar perfectamente. Todo el tiempo. Es por eso que hablamos de \u00abTolerancia de error cero\u00bb en nuestros kits de construcci\u00f3n. Despu\u00e9s del proceso de precorte, se transporta un kit completo de construcci\u00f3n de elementos precortados al sitio de construcci\u00f3n para su ensamblaje. Las l\u00edneas precortadas est\u00e1n equipadas con una parte del equipo de reciclaje. Todo cortado en partes y recogido en un tanque para ser enviado a nuestra planta de recirculaci\u00f3n.<\/p>\n<h3><i class=\"fa fa-check-square\"><\/i> Sistema de carga y embalaje totalmente autom\u00e1tico.<\/h3>\n<p style=\"text-align: justify;\">Contamos con un sistema de carga y embalaje totalmente automatizado de elementos maestros y precortados, de hasta 40 pies por contenedor en unos 3 minutos. Adem\u00e1s de Env\u00edo por mar, ferrocarril o tierra: todo el transporte est\u00e1 optimizado para un transporte eficiente y econ\u00f3mico. Las dimensiones exteriores de Multi Element est\u00e1n adaptadas a todos los portadores de carga en longitud y anchura. Esto optimiza el transporte al 100%, lo que a su vez produce bajas emisiones de CO2 y costos de transporte mucho m\u00e1s bajos.<\/p>\n<h3><i class=\"fa fa-check-square\"><\/i>\u00a0Producci\u00f3n hasta 50 veces m\u00e1s r\u00e1pida<\/h3>\n<p style=\"text-align: justify;\">Los master-elementos de MULTI ELEMENT se producen en una l\u00ednea de producci\u00f3n continua de alta velocidad, la \u00fanica de su tipo en el mundo. Los elementos precortados est\u00e1n hechos de elementos maestros y se producen en una l\u00ednea de producci\u00f3n separada. El nuevo proceso de producci\u00f3n es 100% automatizado, incluido el embalaje y la carga, y hasta 50 veces m\u00e1s r\u00e1pido que las l\u00edneas de producci\u00f3n de casas prefabricadas normales.<\/p>\n<p>[\/vc_column_text][vc_separator type=&#8221;transparent&#8221; up=&#8221;20&#8243; down=&#8221;20&#8243;][\/vc_column][vc_column width=&#8221;1\/2&#8243;][vc_single_image image=&#8221;1282&#8243; img_size=&#8221;full&#8221; qode_css_animation=&#8221;&#8221;][vc_separator type=&#8221;transparent&#8221; up=&#8221;10&#8243; down=&#8221;10&#8243;][vc_single_image image=&#8221;1087&#8243; img_size=&#8221;full&#8221; qode_css_animation=&#8221;&#8221;][\/vc_column][\/vc_row][vc_row css_animation=&#8221;&#8221; row_type=&#8221;row&#8221; use_row_as_full_screen_section=&#8221;no&#8221; type=&#8221;full_width&#8221; angled_section=&#8221;no&#8221; text_align=&#8221;left&#8221; background_image_as_pattern=&#8221;without_pattern&#8221;][vc_column width=&#8221;1\/2&#8243;][vc_single_image image=&#8221;1073&#8243; img_size=&#8221;550&#215;309&#8243; qode_css_animation=&#8221;&#8221;][vc_separator type=&#8221;transparent&#8221; up=&#8221;10&#8243; down=&#8221;10&#8243;][\/vc_column][vc_column width=&#8221;1\/2&#8243;][vc_column_text]<\/p>\n<h3><i class=\"fa fa-check-square\"><\/i> Cargado un contenedor de 40 pies en 3 minutos<\/h3>\n<p style=\"text-align: justify;\">La producci\u00f3n de Multi Element es incre\u00edblemente r\u00e1pida. El centro de producci\u00f3n Multi Element mantiene la velocidad hasta que todas las piezas de construcci\u00f3n salgan de la f\u00e1brica. Un contenedor de 40 pies se carga en solo 3 minutos. Y el bajo peso de Multi Element simplifica tanto carga como transporte. Es el elemento de construcci\u00f3n m\u00e1s liviano en el mercado, con un peso de transporte de 30-50 KG \/ m2 (8-11 libras \/ pie cuadrado).<\/p>\n<h3><i class=\"fa fa-check-square\"><\/i> Control total del arquitecto.<\/h3>\n<p style=\"text-align: justify;\">MULTI ELEMENT ofrece total libertad arquitect\u00f3nica para cualquier dise\u00f1o. Es adecuado para cualquier tipo de edificio y cualquier econom\u00eda. \u00a1Y el resultado final son edificios ecol\u00f3gicos de la m\u00e1s alta calidad a un precio asequible!<\/p>\n<h3><i class=\"fa fa-check-square\"><\/i> Bajos nivel de errores humanso<\/h3>\n<p style=\"text-align: justify;\">La construcci\u00f3n de viviendas a\u00fan no est\u00e1 industrializada. \u00a1La mayor\u00eda de las casas todav\u00eda se miden y construyen manualmente! Pero el trabajo manual es lento y se caracteriza por mucha espera e ineficiencia. Todos los que alguna vez construyeron una casa saben que algo siempre sale mal. Y generalmente ese error es muy costoso de corregir. Multi Element es la soluci\u00f3n para la reducci\u00f3n del trabajo manual que conduce a una reducci\u00f3n de errores humanos y una reducci\u00f3n de gastos innecesarios.<\/p>\n<h3><i class=\"fa fa-check-square\"><\/i> Software CAD individual<\/h3>\n<p style=\"text-align: justify;\">En la l\u00ednea de precorte todos los elementos MULTI ELEMENT se ajustan en relaci\u00f3n con los dibujos de construcci\u00f3n y el dise\u00f1o interior. Todo el proceso est\u00e1 controlado por nuestro exclusivo programa Multi CAD.<\/p>\n<p>[\/vc_column_text][vc_separator type=&#8221;transparent&#8221; up=&#8221;20&#8243; down=&#8221;20&#8243;][\/vc_column][\/vc_row]<\/p>\n<\/div>","protected":false},"excerpt":{"rendered":"<p>[vc_row css_animation=&#8221;&#8221; row_type=&#8221;row&#8221; use_row_as_full_screen_section=&#8221;no&#8221; type=&#8221;full_width&#8221; angled_section=&#8221;no&#8221; text_align=&#8221;left&#8221; background_image_as_pattern=&#8221;without_pattern&#8221;][vc_column width=&#8221;1\/2&#8243;][vc_column_text] MULTI ELEMENT tiene una tecnolog\u00eda revolucionaria [\/vc_column_text][vc_separator type=&#8221;transparent&#8221; up=&#8221;10&#8243; down=&#8221;10&#8243;][vc_column_text] L\u00ednea de producci\u00f3n continua totalmente automatizada y de alta velocidad El trabajo manual es lento y se caracteriza por mucha ineficiencia en la construcci\u00f3n. Multi Element&#8230;<\/p>\n","protected":false},"author":1,"featured_media":0,"parent":0,"menu_order":31,"comment_status":"closed","ping_status":"closed","template":"","meta":{"footnotes":""},"class_list":["post-1072","page","type-page","status-publish","hentry"],"yoast_head":"<!-- This site is optimized with the Yoast SEO plugin v27.4 - https:\/\/yoast.com\/product\/yoast-seo-wordpress\/ -->\n<title>Producci\u00f3n de alta velocidad - Multi Element Industries<\/title>\n<meta name=\"robots\" content=\"index, follow, max-snippet:-1, max-image-preview:large, max-video-preview:-1\" \/>\n<link rel=\"canonical\" href=\"https:\/\/www.multielement.com\/es\/produccion-de-alta-velocidad\/\" \/>\n<meta property=\"og:locale\" content=\"es_ES\" \/>\n<meta property=\"og:type\" content=\"article\" \/>\n<meta property=\"og:title\" content=\"Producci\u00f3n de alta velocidad - Multi Element Industries\" \/>\n<meta property=\"og:description\" content=\"[vc_row css_animation=&#8221;&#8221; row_type=&#8221;row&#8221; use_row_as_full_screen_section=&#8221;no&#8221; type=&#8221;full_width&#8221; angled_section=&#8221;no&#8221; text_align=&#8221;left&#8221; background_image_as_pattern=&#8221;without_pattern&#8221;][vc_column width=&#8221;1\/2&#8243;][vc_column_text] MULTI ELEMENT tiene una tecnolog\u00eda revolucionaria [\/vc_column_text][vc_separator type=&#8221;transparent&#8221; up=&#8221;10&#8243; down=&#8221;10&#8243;][vc_column_text] L\u00ednea de producci\u00f3n continua totalmente automatizada y de alta velocidad El trabajo manual es lento y se caracteriza por mucha ineficiencia en la construcci\u00f3n. Multi Element...\" \/>\n<meta property=\"og:url\" content=\"https:\/\/www.multielement.com\/es\/produccion-de-alta-velocidad\/\" \/>\n<meta property=\"og:site_name\" content=\"Multi Element Industries\" \/>\n<meta property=\"article:publisher\" content=\"https:\/\/www.facebook.com\/multielementindustrie\/\" \/>\n<meta property=\"article:modified_time\" content=\"2019-11-26T10:20:31+00:00\" \/>\n<meta name=\"twitter:card\" content=\"summary_large_image\" \/>\n<meta name=\"twitter:site\" content=\"@multi_element\" \/>\n<meta name=\"twitter:label1\" content=\"Tiempo de lectura\" \/>\n\t<meta name=\"twitter:data1\" content=\"4 minutos\" \/>\n<script type=\"application\/ld+json\" class=\"yoast-schema-graph\">{\"@context\":\"https:\\\/\\\/schema.org\",\"@graph\":[{\"@type\":\"WebPage\",\"@id\":\"https:\\\/\\\/www.multielement.com\\\/es\\\/produccion-de-alta-velocidad\\\/\",\"url\":\"https:\\\/\\\/www.multielement.com\\\/es\\\/produccion-de-alta-velocidad\\\/\",\"name\":\"Producci\u00f3n de alta velocidad - Multi Element Industries\",\"isPartOf\":{\"@id\":\"https:\\\/\\\/www.multielement.com\\\/#website\"},\"datePublished\":\"2019-03-22T14:57:36+00:00\",\"dateModified\":\"2019-11-26T10:20:31+00:00\",\"breadcrumb\":{\"@id\":\"https:\\\/\\\/www.multielement.com\\\/es\\\/produccion-de-alta-velocidad\\\/#breadcrumb\"},\"inLanguage\":\"es\",\"potentialAction\":[{\"@type\":\"ReadAction\",\"target\":[\"https:\\\/\\\/www.multielement.com\\\/es\\\/produccion-de-alta-velocidad\\\/\"]}]},{\"@type\":\"BreadcrumbList\",\"@id\":\"https:\\\/\\\/www.multielement.com\\\/es\\\/produccion-de-alta-velocidad\\\/#breadcrumb\",\"itemListElement\":[{\"@type\":\"ListItem\",\"position\":1,\"name\":\"Home\",\"item\":\"https:\\\/\\\/www.multielement.com\\\/es\\\/\"},{\"@type\":\"ListItem\",\"position\":2,\"name\":\"Producci\u00f3n de alta velocidad\"}]},{\"@type\":\"WebSite\",\"@id\":\"https:\\\/\\\/www.multielement.com\\\/#website\",\"url\":\"https:\\\/\\\/www.multielement.com\\\/\",\"name\":\"Multi Element Industries\",\"description\":\"Future Homes: Prefab houses\",\"publisher\":{\"@id\":\"https:\\\/\\\/www.multielement.com\\\/#organization\"},\"potentialAction\":[{\"@type\":\"SearchAction\",\"target\":{\"@type\":\"EntryPoint\",\"urlTemplate\":\"https:\\\/\\\/www.multielement.com\\\/?s={search_term_string}\"},\"query-input\":{\"@type\":\"PropertyValueSpecification\",\"valueRequired\":true,\"valueName\":\"search_term_string\"}}],\"inLanguage\":\"es\"},{\"@type\":\"Organization\",\"@id\":\"https:\\\/\\\/www.multielement.com\\\/#organization\",\"name\":\"Multi Element Industrie\",\"url\":\"https:\\\/\\\/www.multielement.com\\\/\",\"logo\":{\"@type\":\"ImageObject\",\"inLanguage\":\"es\",\"@id\":\"https:\\\/\\\/www.multielement.com\\\/#\\\/schema\\\/logo\\\/image\\\/\",\"url\":\"https:\\\/\\\/www.multielement.com\\\/wp-content\\\/uploads\\\/2019\\\/03\\\/weblogo-MEI.png\",\"contentUrl\":\"https:\\\/\\\/www.multielement.com\\\/wp-content\\\/uploads\\\/2019\\\/03\\\/weblogo-MEI.png\",\"width\":230,\"height\":49,\"caption\":\"Multi Element Industrie\"},\"image\":{\"@id\":\"https:\\\/\\\/www.multielement.com\\\/#\\\/schema\\\/logo\\\/image\\\/\"},\"sameAs\":[\"https:\\\/\\\/www.facebook.com\\\/multielementindustrie\\\/\",\"https:\\\/\\\/x.com\\\/multi_element\",\"https:\\\/\\\/www.youtube.com\\\/channel\\\/UCz51iVf8CEq0Niumm-7bDOg?view_as=subscriber\"]}]}<\/script>\n<!-- \/ Yoast SEO plugin. -->","yoast_head_json":{"title":"Producci\u00f3n de alta velocidad - Multi Element Industries","robots":{"index":"index","follow":"follow","max-snippet":"max-snippet:-1","max-image-preview":"max-image-preview:large","max-video-preview":"max-video-preview:-1"},"canonical":"https:\/\/www.multielement.com\/es\/produccion-de-alta-velocidad\/","og_locale":"es_ES","og_type":"article","og_title":"Producci\u00f3n de alta velocidad - Multi Element Industries","og_description":"[vc_row css_animation=&#8221;&#8221; row_type=&#8221;row&#8221; use_row_as_full_screen_section=&#8221;no&#8221; type=&#8221;full_width&#8221; angled_section=&#8221;no&#8221; text_align=&#8221;left&#8221; background_image_as_pattern=&#8221;without_pattern&#8221;][vc_column width=&#8221;1\/2&#8243;][vc_column_text] MULTI ELEMENT tiene una tecnolog\u00eda revolucionaria [\/vc_column_text][vc_separator type=&#8221;transparent&#8221; up=&#8221;10&#8243; down=&#8221;10&#8243;][vc_column_text] L\u00ednea de producci\u00f3n continua totalmente automatizada y de alta velocidad El trabajo manual es lento y se caracteriza por mucha ineficiencia en la construcci\u00f3n. Multi Element...","og_url":"https:\/\/www.multielement.com\/es\/produccion-de-alta-velocidad\/","og_site_name":"Multi Element Industries","article_publisher":"https:\/\/www.facebook.com\/multielementindustrie\/","article_modified_time":"2019-11-26T10:20:31+00:00","twitter_card":"summary_large_image","twitter_site":"@multi_element","twitter_misc":{"Tiempo de lectura":"4 minutos"},"schema":{"@context":"https:\/\/schema.org","@graph":[{"@type":"WebPage","@id":"https:\/\/www.multielement.com\/es\/produccion-de-alta-velocidad\/","url":"https:\/\/www.multielement.com\/es\/produccion-de-alta-velocidad\/","name":"Producci\u00f3n de alta velocidad - Multi Element Industries","isPartOf":{"@id":"https:\/\/www.multielement.com\/#website"},"datePublished":"2019-03-22T14:57:36+00:00","dateModified":"2019-11-26T10:20:31+00:00","breadcrumb":{"@id":"https:\/\/www.multielement.com\/es\/produccion-de-alta-velocidad\/#breadcrumb"},"inLanguage":"es","potentialAction":[{"@type":"ReadAction","target":["https:\/\/www.multielement.com\/es\/produccion-de-alta-velocidad\/"]}]},{"@type":"BreadcrumbList","@id":"https:\/\/www.multielement.com\/es\/produccion-de-alta-velocidad\/#breadcrumb","itemListElement":[{"@type":"ListItem","position":1,"name":"Home","item":"https:\/\/www.multielement.com\/es\/"},{"@type":"ListItem","position":2,"name":"Producci\u00f3n de alta velocidad"}]},{"@type":"WebSite","@id":"https:\/\/www.multielement.com\/#website","url":"https:\/\/www.multielement.com\/","name":"Multi Element Industries","description":"Future Homes: Prefab houses","publisher":{"@id":"https:\/\/www.multielement.com\/#organization"},"potentialAction":[{"@type":"SearchAction","target":{"@type":"EntryPoint","urlTemplate":"https:\/\/www.multielement.com\/?s={search_term_string}"},"query-input":{"@type":"PropertyValueSpecification","valueRequired":true,"valueName":"search_term_string"}}],"inLanguage":"es"},{"@type":"Organization","@id":"https:\/\/www.multielement.com\/#organization","name":"Multi Element Industrie","url":"https:\/\/www.multielement.com\/","logo":{"@type":"ImageObject","inLanguage":"es","@id":"https:\/\/www.multielement.com\/#\/schema\/logo\/image\/","url":"https:\/\/www.multielement.com\/wp-content\/uploads\/2019\/03\/weblogo-MEI.png","contentUrl":"https:\/\/www.multielement.com\/wp-content\/uploads\/2019\/03\/weblogo-MEI.png","width":230,"height":49,"caption":"Multi Element Industrie"},"image":{"@id":"https:\/\/www.multielement.com\/#\/schema\/logo\/image\/"},"sameAs":["https:\/\/www.facebook.com\/multielementindustrie\/","https:\/\/x.com\/multi_element","https:\/\/www.youtube.com\/channel\/UCz51iVf8CEq0Niumm-7bDOg?view_as=subscriber"]}]}},"_links":{"self":[{"href":"https:\/\/www.multielement.com\/es\/wp-json\/wp\/v2\/pages\/1072","targetHints":{"allow":["GET"]}}],"collection":[{"href":"https:\/\/www.multielement.com\/es\/wp-json\/wp\/v2\/pages"}],"about":[{"href":"https:\/\/www.multielement.com\/es\/wp-json\/wp\/v2\/types\/page"}],"author":[{"embeddable":true,"href":"https:\/\/www.multielement.com\/es\/wp-json\/wp\/v2\/users\/1"}],"replies":[{"embeddable":true,"href":"https:\/\/www.multielement.com\/es\/wp-json\/wp\/v2\/comments?post=1072"}],"version-history":[{"count":9,"href":"https:\/\/www.multielement.com\/es\/wp-json\/wp\/v2\/pages\/1072\/revisions"}],"predecessor-version":[{"id":1442,"href":"https:\/\/www.multielement.com\/es\/wp-json\/wp\/v2\/pages\/1072\/revisions\/1442"}],"wp:attachment":[{"href":"https:\/\/www.multielement.com\/es\/wp-json\/wp\/v2\/media?parent=1072"}],"curies":[{"name":"wp","href":"https:\/\/api.w.org\/{rel}","templated":true}]}}