{"id":1068,"date":"2019-03-22T16:03:06","date_gmt":"2019-03-22T15:03:06","guid":{"rendered":"https:\/\/www.multielement.com\/sustainability\/"},"modified":"2019-11-26T11:27:27","modified_gmt":"2019-11-26T10:27:27","slug":"sustentabilidad","status":"publish","type":"page","link":"https:\/\/www.multielement.com\/es\/sustentabilidad\/","title":{"rendered":"Sustentabilidad"},"content":{"rendered":"<div class=\"wpb-content-wrapper\"><p>[vc_row css_animation=&#8221;&#8221; row_type=&#8221;row&#8221; use_row_as_full_screen_section=&#8221;no&#8221; type=&#8221;full_width&#8221; angled_section=&#8221;no&#8221; text_align=&#8221;left&#8221; background_image_as_pattern=&#8221;without_pattern&#8221;][vc_column width=&#8221;1\/2&#8243;][vc_column_text]<\/p>\n<h2>\u00bfPor qu\u00e9 MULTI ELEMENT puede<br \/>\nproducir tan limpio y responsable?<\/h2>\n<p>[\/vc_column_text][vc_separator type=&#8221;transparent&#8221; up=&#8221;10&#8243; down=&#8221;10&#8243;][vc_column_text]<\/p>\n<h3><i class=\"fa fa-check-square\"><\/i> Materiales 100% reciclables<\/h3>\n<p style=\"text-align: justify;\">Recibido desde precortado hasta reciclado y utilizado en nueva producci\u00f3n, no 99% sino 100%. Tenemos algunos de los sistemas de producci\u00f3n m\u00e1s limpios del mundo.<\/p>\n<h3><i class=\"fa fa-check-square\"><\/i> Sin desperdicio<\/h3>\n<p style=\"text-align: justify;\">Todos los materiales en cada elemento son totalmente reciclables. Nuestra filosof\u00eda de producci\u00f3n es totalmente \u00abde cuna a cuna\u00bb. Todos los residuos ser\u00e1n reciclados y reutilizados en la producci\u00f3n.<\/p>\n<h3><i class=\"fa fa-check-square\"><\/i> El sistema de producci\u00f3n m\u00e1s limpio del mundo.<\/h3>\n<p style=\"text-align: justify;\">Tenemos algunos de los sistemas de producci\u00f3n m\u00e1s limpios del mundo. 100 por ciento de reciclaje de residuos de producci\u00f3n. Multi Element est\u00e1 construido con materiales sostenibles con bajos requerimientos de energ\u00eda. La producci\u00f3n tiene una huella de carbono muy baja.<\/p>\n<h3><i class=\"fa fa-check-square\"><\/i> Sin gas ni toxinas<\/h3>\n<p style=\"text-align: justify;\">La producci\u00f3n es saludable ya que se lleva a cabo sin emisiones de gases ni polvo.<\/p>\n<p>[\/vc_column_text][vc_separator type=&#8221;transparent&#8221; up=&#8221;10&#8243; down=&#8221;10&#8243;][\/vc_column][vc_column width=&#8221;1\/2&#8243;][vc_single_image image=&#8221;1069&#8243; img_size=&#8221;full&#8221; qode_css_animation=&#8221;&#8221;][\/vc_column][\/vc_row][vc_row css_animation=&#8221;&#8221; row_type=&#8221;row&#8221; use_row_as_full_screen_section=&#8221;no&#8221; type=&#8221;full_width&#8221; angled_section=&#8221;no&#8221; text_align=&#8221;left&#8221; background_image_as_pattern=&#8221;without_pattern&#8221;][vc_column width=&#8221;1\/2&#8243;][vc_separator type=&#8221;transparent&#8221; up=&#8221;20&#8243; down=&#8221;20&#8243;][vc_single_image image=&#8221;1081&#8243; img_size=&#8221;550&#215;309&#8243; qode_css_animation=&#8221;&#8221;][\/vc_column][vc_column width=&#8221;1\/2&#8243;][vc_separator type=&#8221;transparent&#8221; up=&#8221;20&#8243; down=&#8221;20&#8243;][vc_column_text]<\/p>\n<h3><i class=\"fa fa-check-square\"><\/i> El mejor aislamiento del mercado actual.<\/h3>\n<p style=\"text-align: justify;\">MULTI ELEMENT ofrece uno de los mejores aislamientos del mercado para altas y bajas temperaturas. Es la forma m\u00e1s rentable y m\u00e1s r\u00e1pida de construir viviendas y edificios asequibles, eficientes y respetuosos con el medio ambiente.<\/p>\n<h3><i class=\"fa fa-check-square\"><\/i> Baja huella de carbono<\/h3>\n<p style=\"text-align: justify;\">La producci\u00f3n de MULTI ELEMENT tiene una huella de carbono muy baja. La construcci\u00f3n debe ser sostenible y es importante desarrollar y suministrar productos con bajas emisiones de carbono que mejoren el desempe\u00f1o ambiental de un proyecto y reduzcan la huella de carbono de su cliente.<\/p>\n<h3><i class=\"fa fa-check-square\"><\/i> Aprovechamiento de los recursos naturales.<\/h3>\n<p style=\"text-align: justify;\">Con nuestro proceso de producci\u00f3n completo, utilizamos recursos naturales locales y nacionales.<\/p>\n<h3><i class=\"fa fa-check-square\"><\/i> Transporte eficiente y econ\u00f3mico.<\/h3>\n<p style=\"text-align: justify;\">Env\u00edo por mar, ferrocarril o cami\u00f3n. Todo el transporte est\u00e1 optimizado para un transporte eficiente y econ\u00f3mico. Las dimensiones externas de Multi Element est\u00e1n adaptadas a todos los portadores de carga, tanto en longitud como en anchura. Esto optimiza el transporte al 100%, lo que a su vez produce bajas emisiones de CO2 y costos de transporte mucho m\u00e1s bajos.<\/p>\n<p>[\/vc_column_text][vc_separator type=&#8221;transparent&#8221; up=&#8221;20&#8243; down=&#8221;20&#8243;][\/vc_column][\/vc_row][vc_row css_animation=&#8221;&#8221; row_type=&#8221;row&#8221; use_row_as_full_screen_section=&#8221;no&#8221; type=&#8221;full_width&#8221; angled_section=&#8221;no&#8221; text_align=&#8221;left&#8221; background_image_as_pattern=&#8221;without_pattern&#8221;][vc_column width=&#8221;1\/2&#8243;][vc_column_text]<\/p>\n<h2>Cumplir directa o indirectamente con todos los objetivos de desarrollo sostenible de la ONU<\/h2>\n<p>[\/vc_column_text][vc_separator type=&#8221;transparent&#8221; up=&#8221;10&#8243; down=&#8221;10&#8243;][vc_column_text]<i class=\"fa fa-check-square\"><\/i> MULTI ELEMENT Industries, como organizaci\u00f3n, est\u00e1 comprometida con los objetivos de sostenibilidad de las Naciones Unidas y las tres dimensiones del desarrollo sostenible; Clima y medio ambiente, econom\u00eda y condiciones sociales.[\/vc_column_text][vc_column_text]<\/p>\n<h4>Estos son principios rectores para nuestra visi\u00f3n como empresa.<\/h4>\n<p>[\/vc_column_text][vc_separator type=&#8221;transparent&#8221; up=&#8221;10&#8243; down=&#8221;10&#8243;][\/vc_column][vc_column width=&#8221;1\/2&#8243;][vc_separator type=&#8221;transparent&#8221; up=&#8221;20&#8243; down=&#8221;20&#8243;][vc_single_image image=&#8221;1421&#8243; img_size=&#8221;full&#8221; qode_css_animation=&#8221;&#8221;][vc_separator type=&#8221;transparent&#8221; up=&#8221;20&#8243; down=&#8221;20&#8243;][\/vc_column][\/vc_row]<\/p>\n<\/div>","protected":false},"excerpt":{"rendered":"<p>[vc_row css_animation=&#8221;&#8221; row_type=&#8221;row&#8221; use_row_as_full_screen_section=&#8221;no&#8221; type=&#8221;full_width&#8221; angled_section=&#8221;no&#8221; text_align=&#8221;left&#8221; background_image_as_pattern=&#8221;without_pattern&#8221;][vc_column width=&#8221;1\/2&#8243;][vc_column_text] \u00bfPor qu\u00e9 MULTI ELEMENT puede producir tan limpio y responsable? [\/vc_column_text][vc_separator type=&#8221;transparent&#8221; up=&#8221;10&#8243; down=&#8221;10&#8243;][vc_column_text] Materiales 100% reciclables Recibido desde precortado hasta reciclado y utilizado en nueva producci\u00f3n, no 99% sino 100%. Tenemos algunos de los sistemas&#8230;<\/p>\n","protected":false},"author":1,"featured_media":0,"parent":0,"menu_order":32,"comment_status":"closed","ping_status":"closed","template":"","meta":{"footnotes":""},"class_list":["post-1068","page","type-page","status-publish","hentry"],"yoast_head":"<!-- This site is optimized with the Yoast SEO plugin v27.5 - https:\/\/yoast.com\/product\/yoast-seo-wordpress\/ -->\n<title>Sustentabilidad - Multi Element Industries<\/title>\n<meta name=\"robots\" content=\"index, follow, max-snippet:-1, max-image-preview:large, max-video-preview:-1\" \/>\n<link rel=\"canonical\" href=\"https:\/\/www.multielement.com\/es\/sustentabilidad\/\" \/>\n<meta property=\"og:locale\" content=\"es_ES\" \/>\n<meta property=\"og:type\" content=\"article\" \/>\n<meta property=\"og:title\" content=\"Sustentabilidad - Multi Element Industries\" \/>\n<meta property=\"og:description\" content=\"[vc_row css_animation=&#8221;&#8221; row_type=&#8221;row&#8221; use_row_as_full_screen_section=&#8221;no&#8221; type=&#8221;full_width&#8221; angled_section=&#8221;no&#8221; text_align=&#8221;left&#8221; background_image_as_pattern=&#8221;without_pattern&#8221;][vc_column width=&#8221;1\/2&#8243;][vc_column_text] \u00bfPor qu\u00e9 MULTI ELEMENT puede producir tan limpio y responsable? [\/vc_column_text][vc_separator type=&#8221;transparent&#8221; up=&#8221;10&#8243; down=&#8221;10&#8243;][vc_column_text] Materiales 100% reciclables Recibido desde precortado hasta reciclado y utilizado en nueva producci\u00f3n, no 99% sino 100%. Tenemos algunos de los sistemas...\" \/>\n<meta property=\"og:url\" content=\"https:\/\/www.multielement.com\/es\/sustentabilidad\/\" \/>\n<meta property=\"og:site_name\" content=\"Multi Element Industries\" \/>\n<meta property=\"article:publisher\" content=\"https:\/\/www.facebook.com\/multielementindustrie\/\" \/>\n<meta property=\"article:modified_time\" content=\"2019-11-26T10:27:27+00:00\" \/>\n<meta name=\"twitter:card\" content=\"summary_large_image\" \/>\n<meta name=\"twitter:site\" content=\"@multi_element\" \/>\n<meta name=\"twitter:label1\" content=\"Tiempo de lectura\" \/>\n\t<meta name=\"twitter:data1\" content=\"3 minutos\" \/>\n<script type=\"application\/ld+json\" class=\"yoast-schema-graph\">{\"@context\":\"https:\\\/\\\/schema.org\",\"@graph\":[{\"@type\":\"WebPage\",\"@id\":\"https:\\\/\\\/www.multielement.com\\\/es\\\/sustentabilidad\\\/\",\"url\":\"https:\\\/\\\/www.multielement.com\\\/es\\\/sustentabilidad\\\/\",\"name\":\"Sustentabilidad - Multi Element Industries\",\"isPartOf\":{\"@id\":\"https:\\\/\\\/www.multielement.com\\\/#website\"},\"datePublished\":\"2019-03-22T15:03:06+00:00\",\"dateModified\":\"2019-11-26T10:27:27+00:00\",\"breadcrumb\":{\"@id\":\"https:\\\/\\\/www.multielement.com\\\/es\\\/sustentabilidad\\\/#breadcrumb\"},\"inLanguage\":\"es\",\"potentialAction\":[{\"@type\":\"ReadAction\",\"target\":[\"https:\\\/\\\/www.multielement.com\\\/es\\\/sustentabilidad\\\/\"]}]},{\"@type\":\"BreadcrumbList\",\"@id\":\"https:\\\/\\\/www.multielement.com\\\/es\\\/sustentabilidad\\\/#breadcrumb\",\"itemListElement\":[{\"@type\":\"ListItem\",\"position\":1,\"name\":\"Home\",\"item\":\"https:\\\/\\\/www.multielement.com\\\/es\\\/\"},{\"@type\":\"ListItem\",\"position\":2,\"name\":\"Sustentabilidad\"}]},{\"@type\":\"WebSite\",\"@id\":\"https:\\\/\\\/www.multielement.com\\\/#website\",\"url\":\"https:\\\/\\\/www.multielement.com\\\/\",\"name\":\"Multi Element Industries\",\"description\":\"Future Homes: Prefab houses\",\"publisher\":{\"@id\":\"https:\\\/\\\/www.multielement.com\\\/#organization\"},\"potentialAction\":[{\"@type\":\"SearchAction\",\"target\":{\"@type\":\"EntryPoint\",\"urlTemplate\":\"https:\\\/\\\/www.multielement.com\\\/?s={search_term_string}\"},\"query-input\":{\"@type\":\"PropertyValueSpecification\",\"valueRequired\":true,\"valueName\":\"search_term_string\"}}],\"inLanguage\":\"es\"},{\"@type\":\"Organization\",\"@id\":\"https:\\\/\\\/www.multielement.com\\\/#organization\",\"name\":\"Multi Element Industrie\",\"url\":\"https:\\\/\\\/www.multielement.com\\\/\",\"logo\":{\"@type\":\"ImageObject\",\"inLanguage\":\"es\",\"@id\":\"https:\\\/\\\/www.multielement.com\\\/#\\\/schema\\\/logo\\\/image\\\/\",\"url\":\"https:\\\/\\\/www.multielement.com\\\/wp-content\\\/uploads\\\/2019\\\/03\\\/weblogo-MEI.png\",\"contentUrl\":\"https:\\\/\\\/www.multielement.com\\\/wp-content\\\/uploads\\\/2019\\\/03\\\/weblogo-MEI.png\",\"width\":230,\"height\":49,\"caption\":\"Multi Element Industrie\"},\"image\":{\"@id\":\"https:\\\/\\\/www.multielement.com\\\/#\\\/schema\\\/logo\\\/image\\\/\"},\"sameAs\":[\"https:\\\/\\\/www.facebook.com\\\/multielementindustrie\\\/\",\"https:\\\/\\\/x.com\\\/multi_element\",\"https:\\\/\\\/www.youtube.com\\\/channel\\\/UCz51iVf8CEq0Niumm-7bDOg?view_as=subscriber\"]}]}<\/script>\n<!-- \/ Yoast SEO plugin. -->","yoast_head_json":{"title":"Sustentabilidad - Multi Element Industries","robots":{"index":"index","follow":"follow","max-snippet":"max-snippet:-1","max-image-preview":"max-image-preview:large","max-video-preview":"max-video-preview:-1"},"canonical":"https:\/\/www.multielement.com\/es\/sustentabilidad\/","og_locale":"es_ES","og_type":"article","og_title":"Sustentabilidad - Multi Element Industries","og_description":"[vc_row css_animation=&#8221;&#8221; row_type=&#8221;row&#8221; use_row_as_full_screen_section=&#8221;no&#8221; type=&#8221;full_width&#8221; angled_section=&#8221;no&#8221; text_align=&#8221;left&#8221; background_image_as_pattern=&#8221;without_pattern&#8221;][vc_column width=&#8221;1\/2&#8243;][vc_column_text] \u00bfPor qu\u00e9 MULTI ELEMENT puede producir tan limpio y responsable? [\/vc_column_text][vc_separator type=&#8221;transparent&#8221; up=&#8221;10&#8243; down=&#8221;10&#8243;][vc_column_text] Materiales 100% reciclables Recibido desde precortado hasta reciclado y utilizado en nueva producci\u00f3n, no 99% sino 100%. Tenemos algunos de los sistemas...","og_url":"https:\/\/www.multielement.com\/es\/sustentabilidad\/","og_site_name":"Multi Element Industries","article_publisher":"https:\/\/www.facebook.com\/multielementindustrie\/","article_modified_time":"2019-11-26T10:27:27+00:00","twitter_card":"summary_large_image","twitter_site":"@multi_element","twitter_misc":{"Tiempo de lectura":"3 minutos"},"schema":{"@context":"https:\/\/schema.org","@graph":[{"@type":"WebPage","@id":"https:\/\/www.multielement.com\/es\/sustentabilidad\/","url":"https:\/\/www.multielement.com\/es\/sustentabilidad\/","name":"Sustentabilidad - Multi Element Industries","isPartOf":{"@id":"https:\/\/www.multielement.com\/#website"},"datePublished":"2019-03-22T15:03:06+00:00","dateModified":"2019-11-26T10:27:27+00:00","breadcrumb":{"@id":"https:\/\/www.multielement.com\/es\/sustentabilidad\/#breadcrumb"},"inLanguage":"es","potentialAction":[{"@type":"ReadAction","target":["https:\/\/www.multielement.com\/es\/sustentabilidad\/"]}]},{"@type":"BreadcrumbList","@id":"https:\/\/www.multielement.com\/es\/sustentabilidad\/#breadcrumb","itemListElement":[{"@type":"ListItem","position":1,"name":"Home","item":"https:\/\/www.multielement.com\/es\/"},{"@type":"ListItem","position":2,"name":"Sustentabilidad"}]},{"@type":"WebSite","@id":"https:\/\/www.multielement.com\/#website","url":"https:\/\/www.multielement.com\/","name":"Multi Element Industries","description":"Future Homes: Prefab houses","publisher":{"@id":"https:\/\/www.multielement.com\/#organization"},"potentialAction":[{"@type":"SearchAction","target":{"@type":"EntryPoint","urlTemplate":"https:\/\/www.multielement.com\/?s={search_term_string}"},"query-input":{"@type":"PropertyValueSpecification","valueRequired":true,"valueName":"search_term_string"}}],"inLanguage":"es"},{"@type":"Organization","@id":"https:\/\/www.multielement.com\/#organization","name":"Multi Element Industrie","url":"https:\/\/www.multielement.com\/","logo":{"@type":"ImageObject","inLanguage":"es","@id":"https:\/\/www.multielement.com\/#\/schema\/logo\/image\/","url":"https:\/\/www.multielement.com\/wp-content\/uploads\/2019\/03\/weblogo-MEI.png","contentUrl":"https:\/\/www.multielement.com\/wp-content\/uploads\/2019\/03\/weblogo-MEI.png","width":230,"height":49,"caption":"Multi Element Industrie"},"image":{"@id":"https:\/\/www.multielement.com\/#\/schema\/logo\/image\/"},"sameAs":["https:\/\/www.facebook.com\/multielementindustrie\/","https:\/\/x.com\/multi_element","https:\/\/www.youtube.com\/channel\/UCz51iVf8CEq0Niumm-7bDOg?view_as=subscriber"]}]}},"_links":{"self":[{"href":"https:\/\/www.multielement.com\/es\/wp-json\/wp\/v2\/pages\/1068","targetHints":{"allow":["GET"]}}],"collection":[{"href":"https:\/\/www.multielement.com\/es\/wp-json\/wp\/v2\/pages"}],"about":[{"href":"https:\/\/www.multielement.com\/es\/wp-json\/wp\/v2\/types\/page"}],"author":[{"embeddable":true,"href":"https:\/\/www.multielement.com\/es\/wp-json\/wp\/v2\/users\/1"}],"replies":[{"embeddable":true,"href":"https:\/\/www.multielement.com\/es\/wp-json\/wp\/v2\/comments?post=1068"}],"version-history":[{"count":11,"href":"https:\/\/www.multielement.com\/es\/wp-json\/wp\/v2\/pages\/1068\/revisions"}],"predecessor-version":[{"id":1445,"href":"https:\/\/www.multielement.com\/es\/wp-json\/wp\/v2\/pages\/1068\/revisions\/1445"}],"wp:attachment":[{"href":"https:\/\/www.multielement.com\/es\/wp-json\/wp\/v2\/media?parent=1068"}],"curies":[{"name":"wp","href":"https:\/\/api.w.org\/{rel}","templated":true}]}}