{"id":1064,"date":"2019-03-22T16:16:25","date_gmt":"2019-03-22T15:16:25","guid":{"rendered":"https:\/\/www.multielement.com\/affordable-price\/"},"modified":"2019-11-26T11:36:57","modified_gmt":"2019-11-26T10:36:57","slug":"precio-asequible","status":"publish","type":"page","link":"https:\/\/www.multielement.com\/es\/precio-asequible\/","title":{"rendered":"Precio asequible"},"content":{"rendered":"<div class=\"wpb-content-wrapper\"><p>[vc_row css_animation=&#8221;&#8221; row_type=&#8221;row&#8221; use_row_as_full_screen_section=&#8221;no&#8221; type=&#8221;full_width&#8221; angled_section=&#8221;no&#8221; text_align=&#8221;left&#8221; background_image_as_pattern=&#8221;without_pattern&#8221;][vc_column width=&#8221;1\/2&#8243;][vc_column_text]<\/p>\n<h2>\u00bfPor qu\u00e9 MULTI ELEMENT puede producir<br \/>\nde manera tan asequibles?<\/h2>\n<p>[\/vc_column_text][vc_separator type=&#8221;transparent&#8221; up=&#8221;10&#8243; down=&#8221;10&#8243;][vc_column_text]<\/p>\n<h3><i class=\"fa fa-check-square\"><\/i> Elementos de construcci\u00f3n asequibles.<\/h3>\n<p style=\"text-align: justify;\">En comparaci\u00f3n con otros m\u00e9todos de construcci\u00f3n disponibles, Multi Element es una alternativa muy fuerte y liviana. Y tiene varias caracter\u00edsticas de alta tecnolog\u00eda: reducci\u00f3n de ruido de hasta 65 dB, resistencia vientos hasta categor\u00eda 5, alta resistencia a la humedad, muy alta resistencia al impacto y alta resistencia al fuego. Pero es la producci\u00f3n totalmente automatizada la que hace posible producir componentes Multi Element a un precio incre\u00edble<\/p>\n<h3><i class=\"fa fa-check-square\"><\/i> Adaptado para todo tipo de transporte.<\/h3>\n<p>Env\u00edo por mar, ferrocarril o cami\u00f3n. Todo el transporte est\u00e1 optimizado para un transporte eficiente y econ\u00f3mico. Las dimensiones externas de Multi Element est\u00e1n adaptadas a todos los portadores de carga, tanto en longitud como en anchura. Esto optimiza el transporte al 100%, lo que a su vez produce bajas emisiones de CO2 y permite costos de transporte mucho m\u00e1s bajos. Al mismo tiempo, las mismas dimensiones se adaptan a la construcci\u00f3n est\u00e1ndar de todos los edificios.<\/p>\n<h3><i class=\"fa fa-check-square\"><\/i> M\u00e1s ligero que los elementos de la competencia.<\/h3>\n<p style=\"text-align: justify;\">La pieza Master MULTI ELEMENT consta de tres componentes principales: paneles de fibra de yeso, poliisocianurato (PIR) y madera. Pesa entre 30-50 kg \/ m2 (8-11 libras \/ pies cuadrados) dependiendo del grosor del panel. El bajo peso del producto no solo reduce los costos de transporte, sino que tambi\u00e9n proporciona una carga y carga r\u00e1pidas de camiones y una construcci\u00f3n f\u00e1cil en el sitio con menos mano de obra.<\/p>\n<h3><i class=\"fa fa-check-square\"><\/i> Tiempo de construcci\u00f3n 90% m\u00e1s corto<\/h3>\n<p style=\"text-align: justify;\">MULTI ELEMENT es uno de los sistemas de construcci\u00f3n m\u00e1s r\u00e1pidos y de mejor calidad del mundo. Si bien la construcci\u00f3n de casas tradicionales necesita aproximadamente un a\u00f1o para completarse, la carcasa de una casa MULTI ELEMENT se construye en tres horas, mientras que una casa Multi Element completa con electricidad, pisos y cocina necesita como m\u00e1ximo un mes para estar lista.<\/p>\n<p>[\/vc_column_text][vc_separator type=&#8221;transparent&#8221; up=&#8221;20&#8243; down=&#8221;20&#8243;][\/vc_column][vc_column width=&#8221;1\/2&#8243;][vc_single_image image=&#8221;1308&#8243; img_size=&#8221;full&#8221; qode_css_animation=&#8221;&#8221;][\/vc_column][\/vc_row][vc_row css_animation=&#8221;&#8221; row_type=&#8221;row&#8221; use_row_as_full_screen_section=&#8221;no&#8221; type=&#8221;full_width&#8221; angled_section=&#8221;no&#8221; text_align=&#8221;left&#8221; background_image_as_pattern=&#8221;without_pattern&#8221;][vc_column width=&#8221;1\/2&#8243;][vc_single_image image=&#8221;1328&#8243; img_size=&#8221;medium&#8221; alignment=&#8221;center&#8221; qode_css_animation=&#8221;&#8221;][vc_empty_space height=&#8221;20px&#8221;][\/vc_column][vc_column width=&#8221;1\/2&#8243;][vc_column_text]<\/p>\n<h3><i class=\"fa fa-check-square\"><\/i> La casa terminada tiene un espacio habitable m\u00e1s grande<\/h3>\n<p style=\"text-align: justify;\">Las casas y edificios MULTI ELEMENT tienen paredes m\u00e1s delgadas junto con un mejor aislamiento. Las paredes permiten al final aproximadamente un 9% m\u00e1s de espacio habitable. Y m\u00e1s pies cuadrados significa tener m\u00e1s espacio para vender o alquilar.<\/p>\n<h3><i class=\"fa fa-check-square\"><\/i> Casas asequibles para todos<\/h3>\n<p style=\"text-align: justify;\">Las propiedades en los Estados Unidos cayeron a su nivel m\u00e1s bajo y los precios de las viviendas unifamiliares est\u00e1n m\u00e1s all\u00e1 del alcance de la clase media. Una vez, el poeta estadounidense Walt Whitman dijo \u00abUn hombre no es un hombre completo y completo a menos que posea una casa y el terreno en el que se encuentra\u00bb. Hacer que las oportunidades de vivienda asequible sean m\u00e1s accesibles para las personas es fundamental para nosotros. Con nuestra fabricaci\u00f3n asequible y nuestro r\u00e1pido tiempo de construcci\u00f3n, podemos proporcionar uno de los sistemas de vivienda de m\u00e1s alta calidad en el mercado, a un costo extremadamente competitivo.<\/p>\n<h3><i class=\"fa fa-check-square\"><\/i> Sistema de franquicias atractivo<\/h3>\n<p style=\"text-align: justify;\">\u00a1Nuestro conocimiento, su beneficio! Tenemos el concepto, los conocimientos, las personas y un producto fant\u00e1stico e innovador: \u00a1el MULTI ELEMENT! MULTI ELEMENT planea fabricar y vender como un paquete completo de franquicia l\u00edneas de producci\u00f3n continua para las l\u00edneas MULTI ELEMENT Master y Precortadas con tecnolog\u00eda y experiencia asociadas, as\u00ed como las plantas de reciclaje MULTI ELEMENT para un 100% de reciclaje.<\/p>\n<h3><i class=\"fa fa-check-square\"><\/i> 50 a\u00f1os de garant\u00eda<\/h3>\n<p style=\"text-align: justify;\">Creamos casas y edificios para que duren. Multi Element ofrece a sus clientes la mejor garant\u00eda en la industria de la construcci\u00f3n: una garant\u00eda de 50 a\u00f1os. Nosotros respaldamos nuestro trabajo.<\/p>\n<p>[\/vc_column_text][vc_separator type=&#8221;transparent&#8221; up=&#8221;20&#8243; down=&#8221;20&#8243;][\/vc_column][\/vc_row]<\/p>\n<\/div>","protected":false},"excerpt":{"rendered":"<p>[vc_row css_animation=&#8221;&#8221; row_type=&#8221;row&#8221; use_row_as_full_screen_section=&#8221;no&#8221; type=&#8221;full_width&#8221; angled_section=&#8221;no&#8221; text_align=&#8221;left&#8221; background_image_as_pattern=&#8221;without_pattern&#8221;][vc_column width=&#8221;1\/2&#8243;][vc_column_text] \u00bfPor qu\u00e9 MULTI ELEMENT puede producir de manera tan asequibles? [\/vc_column_text][vc_separator type=&#8221;transparent&#8221; up=&#8221;10&#8243; down=&#8221;10&#8243;][vc_column_text] Elementos de construcci\u00f3n asequibles. En comparaci\u00f3n con otros m\u00e9todos de construcci\u00f3n disponibles, Multi Element es una alternativa muy fuerte y liviana. Y&#8230;<\/p>\n","protected":false},"author":1,"featured_media":0,"parent":0,"menu_order":33,"comment_status":"closed","ping_status":"closed","template":"","meta":{"footnotes":""},"class_list":["post-1064","page","type-page","status-publish","hentry"],"yoast_head":"<!-- This site is optimized with the Yoast SEO plugin v27.5 - https:\/\/yoast.com\/product\/yoast-seo-wordpress\/ -->\n<title>Precio asequible - Multi Element Industries<\/title>\n<meta name=\"robots\" content=\"index, follow, max-snippet:-1, max-image-preview:large, max-video-preview:-1\" \/>\n<link rel=\"canonical\" href=\"https:\/\/www.multielement.com\/es\/precio-asequible\/\" \/>\n<meta property=\"og:locale\" content=\"es_ES\" \/>\n<meta property=\"og:type\" content=\"article\" \/>\n<meta property=\"og:title\" content=\"Precio asequible - Multi Element Industries\" \/>\n<meta property=\"og:description\" content=\"[vc_row css_animation=&#8221;&#8221; row_type=&#8221;row&#8221; use_row_as_full_screen_section=&#8221;no&#8221; type=&#8221;full_width&#8221; angled_section=&#8221;no&#8221; text_align=&#8221;left&#8221; background_image_as_pattern=&#8221;without_pattern&#8221;][vc_column width=&#8221;1\/2&#8243;][vc_column_text] \u00bfPor qu\u00e9 MULTI ELEMENT puede producir de manera tan asequibles? [\/vc_column_text][vc_separator type=&#8221;transparent&#8221; up=&#8221;10&#8243; down=&#8221;10&#8243;][vc_column_text] Elementos de construcci\u00f3n asequibles. En comparaci\u00f3n con otros m\u00e9todos de construcci\u00f3n disponibles, Multi Element es una alternativa muy fuerte y liviana. Y...\" \/>\n<meta property=\"og:url\" content=\"https:\/\/www.multielement.com\/es\/precio-asequible\/\" \/>\n<meta property=\"og:site_name\" content=\"Multi Element Industries\" \/>\n<meta property=\"article:publisher\" content=\"https:\/\/www.facebook.com\/multielementindustrie\/\" \/>\n<meta property=\"article:modified_time\" content=\"2019-11-26T10:36:57+00:00\" \/>\n<meta name=\"twitter:card\" content=\"summary_large_image\" \/>\n<meta name=\"twitter:site\" content=\"@multi_element\" \/>\n<meta name=\"twitter:label1\" content=\"Tiempo de lectura\" \/>\n\t<meta name=\"twitter:data1\" content=\"4 minutos\" \/>\n<script type=\"application\/ld+json\" class=\"yoast-schema-graph\">{\"@context\":\"https:\\\/\\\/schema.org\",\"@graph\":[{\"@type\":\"WebPage\",\"@id\":\"https:\\\/\\\/www.multielement.com\\\/es\\\/precio-asequible\\\/\",\"url\":\"https:\\\/\\\/www.multielement.com\\\/es\\\/precio-asequible\\\/\",\"name\":\"Precio asequible - Multi Element Industries\",\"isPartOf\":{\"@id\":\"https:\\\/\\\/www.multielement.com\\\/#website\"},\"datePublished\":\"2019-03-22T15:16:25+00:00\",\"dateModified\":\"2019-11-26T10:36:57+00:00\",\"breadcrumb\":{\"@id\":\"https:\\\/\\\/www.multielement.com\\\/es\\\/precio-asequible\\\/#breadcrumb\"},\"inLanguage\":\"es\",\"potentialAction\":[{\"@type\":\"ReadAction\",\"target\":[\"https:\\\/\\\/www.multielement.com\\\/es\\\/precio-asequible\\\/\"]}]},{\"@type\":\"BreadcrumbList\",\"@id\":\"https:\\\/\\\/www.multielement.com\\\/es\\\/precio-asequible\\\/#breadcrumb\",\"itemListElement\":[{\"@type\":\"ListItem\",\"position\":1,\"name\":\"Home\",\"item\":\"https:\\\/\\\/www.multielement.com\\\/es\\\/\"},{\"@type\":\"ListItem\",\"position\":2,\"name\":\"Precio asequible\"}]},{\"@type\":\"WebSite\",\"@id\":\"https:\\\/\\\/www.multielement.com\\\/#website\",\"url\":\"https:\\\/\\\/www.multielement.com\\\/\",\"name\":\"Multi Element Industries\",\"description\":\"Future Homes: Prefab houses\",\"publisher\":{\"@id\":\"https:\\\/\\\/www.multielement.com\\\/#organization\"},\"potentialAction\":[{\"@type\":\"SearchAction\",\"target\":{\"@type\":\"EntryPoint\",\"urlTemplate\":\"https:\\\/\\\/www.multielement.com\\\/?s={search_term_string}\"},\"query-input\":{\"@type\":\"PropertyValueSpecification\",\"valueRequired\":true,\"valueName\":\"search_term_string\"}}],\"inLanguage\":\"es\"},{\"@type\":\"Organization\",\"@id\":\"https:\\\/\\\/www.multielement.com\\\/#organization\",\"name\":\"Multi Element Industrie\",\"url\":\"https:\\\/\\\/www.multielement.com\\\/\",\"logo\":{\"@type\":\"ImageObject\",\"inLanguage\":\"es\",\"@id\":\"https:\\\/\\\/www.multielement.com\\\/#\\\/schema\\\/logo\\\/image\\\/\",\"url\":\"https:\\\/\\\/www.multielement.com\\\/wp-content\\\/uploads\\\/2019\\\/03\\\/weblogo-MEI.png\",\"contentUrl\":\"https:\\\/\\\/www.multielement.com\\\/wp-content\\\/uploads\\\/2019\\\/03\\\/weblogo-MEI.png\",\"width\":230,\"height\":49,\"caption\":\"Multi Element Industrie\"},\"image\":{\"@id\":\"https:\\\/\\\/www.multielement.com\\\/#\\\/schema\\\/logo\\\/image\\\/\"},\"sameAs\":[\"https:\\\/\\\/www.facebook.com\\\/multielementindustrie\\\/\",\"https:\\\/\\\/x.com\\\/multi_element\",\"https:\\\/\\\/www.youtube.com\\\/channel\\\/UCz51iVf8CEq0Niumm-7bDOg?view_as=subscriber\"]}]}<\/script>\n<!-- \/ Yoast SEO plugin. -->","yoast_head_json":{"title":"Precio asequible - Multi Element Industries","robots":{"index":"index","follow":"follow","max-snippet":"max-snippet:-1","max-image-preview":"max-image-preview:large","max-video-preview":"max-video-preview:-1"},"canonical":"https:\/\/www.multielement.com\/es\/precio-asequible\/","og_locale":"es_ES","og_type":"article","og_title":"Precio asequible - Multi Element Industries","og_description":"[vc_row css_animation=&#8221;&#8221; row_type=&#8221;row&#8221; use_row_as_full_screen_section=&#8221;no&#8221; type=&#8221;full_width&#8221; angled_section=&#8221;no&#8221; text_align=&#8221;left&#8221; background_image_as_pattern=&#8221;without_pattern&#8221;][vc_column width=&#8221;1\/2&#8243;][vc_column_text] \u00bfPor qu\u00e9 MULTI ELEMENT puede producir de manera tan asequibles? [\/vc_column_text][vc_separator type=&#8221;transparent&#8221; up=&#8221;10&#8243; down=&#8221;10&#8243;][vc_column_text] Elementos de construcci\u00f3n asequibles. En comparaci\u00f3n con otros m\u00e9todos de construcci\u00f3n disponibles, Multi Element es una alternativa muy fuerte y liviana. Y...","og_url":"https:\/\/www.multielement.com\/es\/precio-asequible\/","og_site_name":"Multi Element Industries","article_publisher":"https:\/\/www.facebook.com\/multielementindustrie\/","article_modified_time":"2019-11-26T10:36:57+00:00","twitter_card":"summary_large_image","twitter_site":"@multi_element","twitter_misc":{"Tiempo de lectura":"4 minutos"},"schema":{"@context":"https:\/\/schema.org","@graph":[{"@type":"WebPage","@id":"https:\/\/www.multielement.com\/es\/precio-asequible\/","url":"https:\/\/www.multielement.com\/es\/precio-asequible\/","name":"Precio asequible - Multi Element Industries","isPartOf":{"@id":"https:\/\/www.multielement.com\/#website"},"datePublished":"2019-03-22T15:16:25+00:00","dateModified":"2019-11-26T10:36:57+00:00","breadcrumb":{"@id":"https:\/\/www.multielement.com\/es\/precio-asequible\/#breadcrumb"},"inLanguage":"es","potentialAction":[{"@type":"ReadAction","target":["https:\/\/www.multielement.com\/es\/precio-asequible\/"]}]},{"@type":"BreadcrumbList","@id":"https:\/\/www.multielement.com\/es\/precio-asequible\/#breadcrumb","itemListElement":[{"@type":"ListItem","position":1,"name":"Home","item":"https:\/\/www.multielement.com\/es\/"},{"@type":"ListItem","position":2,"name":"Precio asequible"}]},{"@type":"WebSite","@id":"https:\/\/www.multielement.com\/#website","url":"https:\/\/www.multielement.com\/","name":"Multi Element Industries","description":"Future Homes: Prefab houses","publisher":{"@id":"https:\/\/www.multielement.com\/#organization"},"potentialAction":[{"@type":"SearchAction","target":{"@type":"EntryPoint","urlTemplate":"https:\/\/www.multielement.com\/?s={search_term_string}"},"query-input":{"@type":"PropertyValueSpecification","valueRequired":true,"valueName":"search_term_string"}}],"inLanguage":"es"},{"@type":"Organization","@id":"https:\/\/www.multielement.com\/#organization","name":"Multi Element Industrie","url":"https:\/\/www.multielement.com\/","logo":{"@type":"ImageObject","inLanguage":"es","@id":"https:\/\/www.multielement.com\/#\/schema\/logo\/image\/","url":"https:\/\/www.multielement.com\/wp-content\/uploads\/2019\/03\/weblogo-MEI.png","contentUrl":"https:\/\/www.multielement.com\/wp-content\/uploads\/2019\/03\/weblogo-MEI.png","width":230,"height":49,"caption":"Multi Element Industrie"},"image":{"@id":"https:\/\/www.multielement.com\/#\/schema\/logo\/image\/"},"sameAs":["https:\/\/www.facebook.com\/multielementindustrie\/","https:\/\/x.com\/multi_element","https:\/\/www.youtube.com\/channel\/UCz51iVf8CEq0Niumm-7bDOg?view_as=subscriber"]}]}},"_links":{"self":[{"href":"https:\/\/www.multielement.com\/es\/wp-json\/wp\/v2\/pages\/1064","targetHints":{"allow":["GET"]}}],"collection":[{"href":"https:\/\/www.multielement.com\/es\/wp-json\/wp\/v2\/pages"}],"about":[{"href":"https:\/\/www.multielement.com\/es\/wp-json\/wp\/v2\/types\/page"}],"author":[{"embeddable":true,"href":"https:\/\/www.multielement.com\/es\/wp-json\/wp\/v2\/users\/1"}],"replies":[{"embeddable":true,"href":"https:\/\/www.multielement.com\/es\/wp-json\/wp\/v2\/comments?post=1064"}],"version-history":[{"count":7,"href":"https:\/\/www.multielement.com\/es\/wp-json\/wp\/v2\/pages\/1064\/revisions"}],"predecessor-version":[{"id":1446,"href":"https:\/\/www.multielement.com\/es\/wp-json\/wp\/v2\/pages\/1064\/revisions\/1446"}],"wp:attachment":[{"href":"https:\/\/www.multielement.com\/es\/wp-json\/wp\/v2\/media?parent=1064"}],"curies":[{"name":"wp","href":"https:\/\/api.w.org\/{rel}","templated":true}]}}