{"id":1054,"date":"2019-03-28T23:48:08","date_gmt":"2019-03-28T22:48:08","guid":{"rendered":"https:\/\/www.multielement.com\/location\/"},"modified":"2019-11-11T22:16:17","modified_gmt":"2019-11-11T21:16:17","slug":"ubicacion","status":"publish","type":"page","link":"https:\/\/www.multielement.com\/es\/ubicacion\/","title":{"rendered":"Ubicaci\u00f3n"},"content":{"rendered":"<div class=\"wpb-content-wrapper\"><p>[vc_row css_animation=&#8221;&#8221; row_type=&#8221;row&#8221; use_row_as_full_screen_section=&#8221;no&#8221; type=&#8221;full_width&#8221; angled_section=&#8221;no&#8221; text_align=&#8221;left&#8221; background_image_as_pattern=&#8221;without_pattern&#8221;][vc_column width=&#8221;1\/2&#8243;][vc_column_text]<\/p>\n<h2>\u00bfPor qu\u00e9 al lado del puerto?<\/h2>\n<p>[\/vc_column_text][vc_separator type=&#8221;transparent&#8221; up=&#8221;10&#8243; down=&#8221;10&#8243;][vc_column_text]<\/p>\n<p style=\"text-align: justify;\">La l\u00ednea de producci\u00f3n Multi Element Master con una capacidad de 10 millones de metros cuadrados o aproximadamente 108 millones de pies cuadrados por a\u00f1o, requiere que la ubicaci\u00f3n de la f\u00e1brica est\u00e9 cerca de un puerto de env\u00edo internacional.<\/p>\n<p style=\"text-align: justify;\"><strong>Cada l\u00ednea de producci\u00f3n Master Multi Element necesita alrededor de 60,000 piezas de contenedores de env\u00edo de 20 \u201dpor a\u00f1o de producci\u00f3n.<\/strong><\/p>\n<p style=\"text-align: justify;\">Env\u00edo por mar, ferrocarril o cami\u00f3n. Todo el transporte est\u00e1 optimizado para un transporte eficiente y econ\u00f3mico.<\/p>\n<p style=\"text-align: left;\">Las dimensiones externas de Multi Element est\u00e1n adaptadas a todos los portadores de carga, tanto en longitud como en anchura. Esto optimiza el transporte al 100%, lo que a su vez produce bajas emisiones de CO2 y costos de transporte mucho m\u00e1s bajos. Al mismo tiempo, las mismas dimensiones se adaptan a la construcci\u00f3n est\u00e1ndar de todos los edificios.<\/p>\n<p>[\/vc_column_text][vc_separator type=&#8221;transparent&#8221; up=&#8221;70&#8243;][\/vc_column][vc_column width=&#8221;1\/2&#8243;][vc_column_text]<\/p>\n<h2>Puerto internacional de contenedores<\/h2>\n<p>[\/vc_column_text][vc_separator type=&#8221;transparent&#8221; up=&#8221;20&#8243; down=&#8221;20&#8243;][vc_single_image image=&#8221;1055&#8243; img_size=&#8221;full&#8221; qode_css_animation=&#8221;&#8221;][vc_separator type=&#8221;transparent&#8221; up=&#8221;20&#8243; down=&#8221;20&#8243;][\/vc_column][\/vc_row]<\/p>\n<\/div>","protected":false},"excerpt":{"rendered":"<p>[vc_row css_animation=&#8221;&#8221; row_type=&#8221;row&#8221; use_row_as_full_screen_section=&#8221;no&#8221; type=&#8221;full_width&#8221; angled_section=&#8221;no&#8221; text_align=&#8221;left&#8221; background_image_as_pattern=&#8221;without_pattern&#8221;][vc_column width=&#8221;1\/2&#8243;][vc_column_text] \u00bfPor qu\u00e9 al lado del puerto? [\/vc_column_text][vc_separator type=&#8221;transparent&#8221; up=&#8221;10&#8243; down=&#8221;10&#8243;][vc_column_text] La l\u00ednea de producci\u00f3n Multi Element Master con una capacidad de 10 millones de metros cuadrados o aproximadamente 108 millones de pies cuadrados por a\u00f1o, requiere&#8230;<\/p>\n","protected":false},"author":1,"featured_media":0,"parent":0,"menu_order":60,"comment_status":"closed","ping_status":"closed","template":"","meta":{"footnotes":""},"class_list":["post-1054","page","type-page","status-publish","hentry"],"yoast_head":"<!-- This site is optimized with the Yoast SEO plugin v27.5 - https:\/\/yoast.com\/product\/yoast-seo-wordpress\/ -->\n<title>Ubicaci\u00f3n - Multi Element Industries<\/title>\n<meta name=\"robots\" content=\"index, follow, max-snippet:-1, max-image-preview:large, max-video-preview:-1\" \/>\n<link rel=\"canonical\" href=\"https:\/\/www.multielement.com\/es\/ubicacion\/\" \/>\n<meta property=\"og:locale\" content=\"es_ES\" \/>\n<meta property=\"og:type\" content=\"article\" \/>\n<meta property=\"og:title\" content=\"Ubicaci\u00f3n - Multi Element Industries\" \/>\n<meta property=\"og:description\" content=\"[vc_row css_animation=&#8221;&#8221; row_type=&#8221;row&#8221; use_row_as_full_screen_section=&#8221;no&#8221; type=&#8221;full_width&#8221; angled_section=&#8221;no&#8221; text_align=&#8221;left&#8221; background_image_as_pattern=&#8221;without_pattern&#8221;][vc_column width=&#8221;1\/2&#8243;][vc_column_text] \u00bfPor qu\u00e9 al lado del puerto? [\/vc_column_text][vc_separator type=&#8221;transparent&#8221; up=&#8221;10&#8243; down=&#8221;10&#8243;][vc_column_text] La l\u00ednea de producci\u00f3n Multi Element Master con una capacidad de 10 millones de metros cuadrados o aproximadamente 108 millones de pies cuadrados por a\u00f1o, requiere...\" \/>\n<meta property=\"og:url\" content=\"https:\/\/www.multielement.com\/es\/ubicacion\/\" \/>\n<meta property=\"og:site_name\" content=\"Multi Element Industries\" \/>\n<meta property=\"article:publisher\" content=\"https:\/\/www.facebook.com\/multielementindustrie\/\" \/>\n<meta property=\"article:modified_time\" content=\"2019-11-11T21:16:17+00:00\" \/>\n<meta name=\"twitter:card\" content=\"summary_large_image\" \/>\n<meta name=\"twitter:site\" content=\"@multi_element\" \/>\n<meta name=\"twitter:label1\" content=\"Tiempo de lectura\" \/>\n\t<meta name=\"twitter:data1\" content=\"1 minuto\" \/>\n<script type=\"application\/ld+json\" class=\"yoast-schema-graph\">{\"@context\":\"https:\\\/\\\/schema.org\",\"@graph\":[{\"@type\":\"WebPage\",\"@id\":\"https:\\\/\\\/www.multielement.com\\\/es\\\/ubicacion\\\/\",\"url\":\"https:\\\/\\\/www.multielement.com\\\/es\\\/ubicacion\\\/\",\"name\":\"Ubicaci\u00f3n - Multi Element Industries\",\"isPartOf\":{\"@id\":\"https:\\\/\\\/www.multielement.com\\\/#website\"},\"datePublished\":\"2019-03-28T22:48:08+00:00\",\"dateModified\":\"2019-11-11T21:16:17+00:00\",\"breadcrumb\":{\"@id\":\"https:\\\/\\\/www.multielement.com\\\/es\\\/ubicacion\\\/#breadcrumb\"},\"inLanguage\":\"es\",\"potentialAction\":[{\"@type\":\"ReadAction\",\"target\":[\"https:\\\/\\\/www.multielement.com\\\/es\\\/ubicacion\\\/\"]}]},{\"@type\":\"BreadcrumbList\",\"@id\":\"https:\\\/\\\/www.multielement.com\\\/es\\\/ubicacion\\\/#breadcrumb\",\"itemListElement\":[{\"@type\":\"ListItem\",\"position\":1,\"name\":\"Home\",\"item\":\"https:\\\/\\\/www.multielement.com\\\/es\\\/\"},{\"@type\":\"ListItem\",\"position\":2,\"name\":\"Ubicaci\u00f3n\"}]},{\"@type\":\"WebSite\",\"@id\":\"https:\\\/\\\/www.multielement.com\\\/#website\",\"url\":\"https:\\\/\\\/www.multielement.com\\\/\",\"name\":\"Multi Element Industries\",\"description\":\"Future Homes: Prefab houses\",\"publisher\":{\"@id\":\"https:\\\/\\\/www.multielement.com\\\/#organization\"},\"potentialAction\":[{\"@type\":\"SearchAction\",\"target\":{\"@type\":\"EntryPoint\",\"urlTemplate\":\"https:\\\/\\\/www.multielement.com\\\/?s={search_term_string}\"},\"query-input\":{\"@type\":\"PropertyValueSpecification\",\"valueRequired\":true,\"valueName\":\"search_term_string\"}}],\"inLanguage\":\"es\"},{\"@type\":\"Organization\",\"@id\":\"https:\\\/\\\/www.multielement.com\\\/#organization\",\"name\":\"Multi Element Industrie\",\"url\":\"https:\\\/\\\/www.multielement.com\\\/\",\"logo\":{\"@type\":\"ImageObject\",\"inLanguage\":\"es\",\"@id\":\"https:\\\/\\\/www.multielement.com\\\/#\\\/schema\\\/logo\\\/image\\\/\",\"url\":\"https:\\\/\\\/www.multielement.com\\\/wp-content\\\/uploads\\\/2019\\\/03\\\/weblogo-MEI.png\",\"contentUrl\":\"https:\\\/\\\/www.multielement.com\\\/wp-content\\\/uploads\\\/2019\\\/03\\\/weblogo-MEI.png\",\"width\":230,\"height\":49,\"caption\":\"Multi Element Industrie\"},\"image\":{\"@id\":\"https:\\\/\\\/www.multielement.com\\\/#\\\/schema\\\/logo\\\/image\\\/\"},\"sameAs\":[\"https:\\\/\\\/www.facebook.com\\\/multielementindustrie\\\/\",\"https:\\\/\\\/x.com\\\/multi_element\",\"https:\\\/\\\/www.youtube.com\\\/channel\\\/UCz51iVf8CEq0Niumm-7bDOg?view_as=subscriber\"]}]}<\/script>\n<!-- \/ Yoast SEO plugin. -->","yoast_head_json":{"title":"Ubicaci\u00f3n - Multi Element Industries","robots":{"index":"index","follow":"follow","max-snippet":"max-snippet:-1","max-image-preview":"max-image-preview:large","max-video-preview":"max-video-preview:-1"},"canonical":"https:\/\/www.multielement.com\/es\/ubicacion\/","og_locale":"es_ES","og_type":"article","og_title":"Ubicaci\u00f3n - Multi Element Industries","og_description":"[vc_row css_animation=&#8221;&#8221; row_type=&#8221;row&#8221; use_row_as_full_screen_section=&#8221;no&#8221; type=&#8221;full_width&#8221; angled_section=&#8221;no&#8221; text_align=&#8221;left&#8221; background_image_as_pattern=&#8221;without_pattern&#8221;][vc_column width=&#8221;1\/2&#8243;][vc_column_text] \u00bfPor qu\u00e9 al lado del puerto? [\/vc_column_text][vc_separator type=&#8221;transparent&#8221; up=&#8221;10&#8243; down=&#8221;10&#8243;][vc_column_text] La l\u00ednea de producci\u00f3n Multi Element Master con una capacidad de 10 millones de metros cuadrados o aproximadamente 108 millones de pies cuadrados por a\u00f1o, requiere...","og_url":"https:\/\/www.multielement.com\/es\/ubicacion\/","og_site_name":"Multi Element Industries","article_publisher":"https:\/\/www.facebook.com\/multielementindustrie\/","article_modified_time":"2019-11-11T21:16:17+00:00","twitter_card":"summary_large_image","twitter_site":"@multi_element","twitter_misc":{"Tiempo de lectura":"1 minuto"},"schema":{"@context":"https:\/\/schema.org","@graph":[{"@type":"WebPage","@id":"https:\/\/www.multielement.com\/es\/ubicacion\/","url":"https:\/\/www.multielement.com\/es\/ubicacion\/","name":"Ubicaci\u00f3n - Multi Element Industries","isPartOf":{"@id":"https:\/\/www.multielement.com\/#website"},"datePublished":"2019-03-28T22:48:08+00:00","dateModified":"2019-11-11T21:16:17+00:00","breadcrumb":{"@id":"https:\/\/www.multielement.com\/es\/ubicacion\/#breadcrumb"},"inLanguage":"es","potentialAction":[{"@type":"ReadAction","target":["https:\/\/www.multielement.com\/es\/ubicacion\/"]}]},{"@type":"BreadcrumbList","@id":"https:\/\/www.multielement.com\/es\/ubicacion\/#breadcrumb","itemListElement":[{"@type":"ListItem","position":1,"name":"Home","item":"https:\/\/www.multielement.com\/es\/"},{"@type":"ListItem","position":2,"name":"Ubicaci\u00f3n"}]},{"@type":"WebSite","@id":"https:\/\/www.multielement.com\/#website","url":"https:\/\/www.multielement.com\/","name":"Multi Element Industries","description":"Future Homes: Prefab houses","publisher":{"@id":"https:\/\/www.multielement.com\/#organization"},"potentialAction":[{"@type":"SearchAction","target":{"@type":"EntryPoint","urlTemplate":"https:\/\/www.multielement.com\/?s={search_term_string}"},"query-input":{"@type":"PropertyValueSpecification","valueRequired":true,"valueName":"search_term_string"}}],"inLanguage":"es"},{"@type":"Organization","@id":"https:\/\/www.multielement.com\/#organization","name":"Multi Element Industrie","url":"https:\/\/www.multielement.com\/","logo":{"@type":"ImageObject","inLanguage":"es","@id":"https:\/\/www.multielement.com\/#\/schema\/logo\/image\/","url":"https:\/\/www.multielement.com\/wp-content\/uploads\/2019\/03\/weblogo-MEI.png","contentUrl":"https:\/\/www.multielement.com\/wp-content\/uploads\/2019\/03\/weblogo-MEI.png","width":230,"height":49,"caption":"Multi Element Industrie"},"image":{"@id":"https:\/\/www.multielement.com\/#\/schema\/logo\/image\/"},"sameAs":["https:\/\/www.facebook.com\/multielementindustrie\/","https:\/\/x.com\/multi_element","https:\/\/www.youtube.com\/channel\/UCz51iVf8CEq0Niumm-7bDOg?view_as=subscriber"]}]}},"_links":{"self":[{"href":"https:\/\/www.multielement.com\/es\/wp-json\/wp\/v2\/pages\/1054","targetHints":{"allow":["GET"]}}],"collection":[{"href":"https:\/\/www.multielement.com\/es\/wp-json\/wp\/v2\/pages"}],"about":[{"href":"https:\/\/www.multielement.com\/es\/wp-json\/wp\/v2\/types\/page"}],"author":[{"embeddable":true,"href":"https:\/\/www.multielement.com\/es\/wp-json\/wp\/v2\/users\/1"}],"replies":[{"embeddable":true,"href":"https:\/\/www.multielement.com\/es\/wp-json\/wp\/v2\/comments?post=1054"}],"version-history":[{"count":5,"href":"https:\/\/www.multielement.com\/es\/wp-json\/wp\/v2\/pages\/1054\/revisions"}],"predecessor-version":[{"id":1443,"href":"https:\/\/www.multielement.com\/es\/wp-json\/wp\/v2\/pages\/1054\/revisions\/1443"}],"wp:attachment":[{"href":"https:\/\/www.multielement.com\/es\/wp-json\/wp\/v2\/media?parent=1054"}],"curies":[{"name":"wp","href":"https:\/\/api.w.org\/{rel}","templated":true}]}}